{"id":581,"date":"2025-05-21T03:33:47","date_gmt":"2025-05-21T03:33:47","guid":{"rendered":"https:\/\/teknoweb.co\/ecological\/?page_id=581"},"modified":"2025-06-20T19:46:29","modified_gmt":"2025-06-20T19:46:29","slug":"historia-y-vision","status":"publish","type":"page","link":"https:\/\/teknoweb.co\/ecological\/historia-y-vision\/","title":{"rendered":"Historia y Visi\u00f3n"},"content":{"rendered":"<style>.kb-row-layout-id581_e54d25-e4 > .kt-row-column-wrap{align-content:start;}:where(.kb-row-layout-id581_e54d25-e4 > .kt-row-column-wrap) > .wp-block-kadence-column{justify-content:start;}.kb-row-layout-id581_e54d25-e4 > .kt-row-column-wrap{column-gap:var(--global-kb-gap-md, 2rem);row-gap:var(--global-kb-gap-md, 2rem);max-width:var( --global-content-width, 1290px );padding-left:var(--global-content-edge-padding);padding-right:var(--global-content-edge-padding);padding-top:250px;padding-bottom:100px;grid-template-columns:minmax(0, 1fr);}.kb-row-layout-id581_e54d25-e4 > .kt-row-layout-overlay{opacity:0.69;background-color:var(--global-palette1, #3182CE);mix-blend-mode:normal;}@media all and (max-width: 1024px){.kb-row-layout-id581_e54d25-e4 > .kt-row-column-wrap{grid-template-columns:minmax(0, 1fr);}}@media all and (max-width: 767px){.kb-row-layout-id581_e54d25-e4 > .kt-row-column-wrap{grid-template-columns:minmax(0, 1fr);}}<\/style><div class=\"kb-row-layout-wrap kb-row-layout-id581_e54d25-e4 alignnone kt-row-has-bg wp-block-kadence-rowlayout\"><div class=\"kb-blocks-bg-video-container embedded\"><div class=\"kb-bg-video-iframe kb-bg-video-ratio-16-9\"><iframe frameborder=\"0\" class=\"kb-blocks-bg-video youtube\" id=\"bg-row-video-581_e54d25-e4\" src=\"https:\/\/www.youtube.com\/embed\/HURhnzCx3ts?autoplay=1&amp;controls=0&amp;mute=1&amp;muted=1&amp;loop=1&amp;playlist=HURhnzCx3ts&amp;disablekb=1&amp;modestbranding=1&amp;playsinline=1&amp;rel=0\" autoplay><\/iframe><\/div><\/div><div class=\"kt-row-layout-overlay kt-row-overlay-normal\"><\/div><div class=\"kt-row-column-wrap kt-has-1-columns kt-row-layout-equal kt-tab-layout-inherit kt-mobile-layout-row kt-row-valign-top kb-theme-content-width\">\n<style>.kadence-column581_f2a05d-70 > .kt-inside-inner-col,.kadence-column581_f2a05d-70 > .kt-inside-inner-col:before{border-top-left-radius:0px;border-top-right-radius:0px;border-bottom-right-radius:0px;border-bottom-left-radius:0px;}.kadence-column581_f2a05d-70 > .kt-inside-inner-col{column-gap:var(--global-kb-gap-sm, 1rem);}.kadence-column581_f2a05d-70 > .kt-inside-inner-col{flex-direction:column;}.kadence-column581_f2a05d-70 > .kt-inside-inner-col > .aligncenter{width:100%;}.kadence-column581_f2a05d-70 > .kt-inside-inner-col:before{opacity:0.3;}.kadence-column581_f2a05d-70{position:relative;}@media all and (max-width: 1024px){.kadence-column581_f2a05d-70 > .kt-inside-inner-col{flex-direction:column;}}@media all and (max-width: 767px){.kadence-column581_f2a05d-70 > .kt-inside-inner-col{flex-direction:column;}}<\/style>\n<div class=\"wp-block-kadence-column kadence-column581_f2a05d-70 inner-column-1\"><div class=\"kt-inside-inner-col\"><style>.wp-block-kadence-advancedheading.kt-adv-heading581_7e8aba-bc, .wp-block-kadence-advancedheading.kt-adv-heading581_7e8aba-bc[data-kb-block=\"kb-adv-heading581_7e8aba-bc\"]{text-align:left;font-style:normal;text-transform:uppercase;}.wp-block-kadence-advancedheading.kt-adv-heading581_7e8aba-bc mark.kt-highlight, .wp-block-kadence-advancedheading.kt-adv-heading581_7e8aba-bc[data-kb-block=\"kb-adv-heading581_7e8aba-bc\"] mark.kt-highlight{font-style:normal;color:#f76a0c;padding-top:0px;padding-right:0px;padding-bottom:0px;padding-left:0px;}<\/style>\n<h2 class=\"kt-adv-heading581_7e8aba-bc wp-block-kadence-advancedheading has-theme-palette-9-color has-text-color\" data-kb-block=\"kb-adv-heading581_7e8aba-bc\">Energ\u00eda, Nuestra Misi\u00f3n<\/h2>\n\n\n<style>.wp-block-kadence-advancedheading.kt-adv-heading581_218ef8-cf, .wp-block-kadence-advancedheading.kt-adv-heading581_218ef8-cf[data-kb-block=\"kb-adv-heading581_218ef8-cf\"]{font-style:normal;}.wp-block-kadence-advancedheading.kt-adv-heading581_218ef8-cf mark.kt-highlight, .wp-block-kadence-advancedheading.kt-adv-heading581_218ef8-cf[data-kb-block=\"kb-adv-heading581_218ef8-cf\"] mark.kt-highlight{font-style:normal;color:#f76a0c;padding-top:0px;padding-right:0px;padding-bottom:0px;padding-left:0px;}<\/style>\n<p class=\"kt-adv-heading581_218ef8-cf wp-block-kadence-advancedheading has-theme-palette-9-color has-text-color\" data-kb-block=\"kb-adv-heading581_218ef8-cf\">Brindamos soluciones el\u00e9ctricas eficientes e innovadoras.<\/p>\n<\/div><\/div>\n\n<\/div><\/div>\n\n<style>.kb-row-layout-id581_9d2614-6d > .kt-row-column-wrap{align-content:start;}:where(.kb-row-layout-id581_9d2614-6d > .kt-row-column-wrap) > .wp-block-kadence-column{justify-content:start;}.kb-row-layout-id581_9d2614-6d > .kt-row-column-wrap{column-gap:80px;row-gap:var(--global-kb-gap-md, 2rem);max-width:var( --global-content-width, 1290px );padding-left:var(--global-content-edge-padding);padding-right:var(--global-content-edge-padding);padding-top:80px;padding-bottom:80px;grid-template-columns:minmax(0, calc(40% - ((80px * 1 )\/2)))minmax(0, calc(60% - ((80px * 1 )\/2)));}.kb-row-layout-id581_9d2614-6d > .kt-row-layout-overlay{opacity:0.30;}@media all and (max-width: 1024px){.kb-row-layout-id581_9d2614-6d > .kt-row-column-wrap{grid-template-columns:minmax(0, 1fr) minmax(0, 2fr);}}@media all and (max-width: 767px){.kb-row-layout-id581_9d2614-6d > .kt-row-column-wrap{grid-template-columns:minmax(0, 1fr);}}<\/style><div class=\"kb-row-layout-wrap kb-row-layout-id581_9d2614-6d alignnone wp-block-kadence-rowlayout\"><div class=\"kt-row-column-wrap kt-has-2-columns kt-row-layout-right-golden kt-tab-layout-inherit kt-mobile-layout-row kt-row-valign-top kt-inner-column-height-full kb-theme-content-width\">\n<style>.kadence-column581_6f9988-2d > .kt-inside-inner-col,.kadence-column581_6f9988-2d > .kt-inside-inner-col:before{border-top-left-radius:10px;border-top-right-radius:10px;border-bottom-right-radius:10px;border-bottom-left-radius:10px;}.kadence-column581_6f9988-2d > .kt-inside-inner-col{column-gap:var(--global-kb-gap-sm, 1rem);}.kadence-column581_6f9988-2d > .kt-inside-inner-col{flex-direction:column;}.kadence-column581_6f9988-2d > .kt-inside-inner-col > .aligncenter{width:100%;}.kadence-column581_6f9988-2d > .kt-inside-inner-col{background-image:url('https:\/\/teknoweb.co\/ecological\/wp-content\/uploads\/2025\/05\/somos-ecological.jpg');background-size:cover;background-position:center center;background-attachment:scroll;background-repeat:no-repeat;}.kadence-column581_6f9988-2d > .kt-inside-inner-col:before{opacity:0.3;}.kadence-column581_6f9988-2d{position:relative;}@media all and (max-width: 1024px){.kadence-column581_6f9988-2d > .kt-inside-inner-col{flex-direction:column;}}@media all and (max-width: 767px){.kadence-column581_6f9988-2d > .kt-inside-inner-col{padding-bottom:300px;flex-direction:column;}}<\/style>\n<div class=\"wp-block-kadence-column kadence-column581_6f9988-2d inner-column-1\"><div class=\"kt-inside-inner-col\"><\/div><\/div>\n\n\n<style>.kadence-column581_e49657-5a > .kt-inside-inner-col,.kadence-column581_e49657-5a > .kt-inside-inner-col:before{border-top-left-radius:0px;border-top-right-radius:0px;border-bottom-right-radius:0px;border-bottom-left-radius:0px;}.kadence-column581_e49657-5a > .kt-inside-inner-col{column-gap:var(--global-kb-gap-sm, 1rem);}.kadence-column581_e49657-5a > .kt-inside-inner-col{flex-direction:column;}.kadence-column581_e49657-5a > .kt-inside-inner-col > .aligncenter{width:100%;}.kadence-column581_e49657-5a > .kt-inside-inner-col:before{opacity:0.3;}.kadence-column581_e49657-5a{position:relative;}.kadence-column581_e49657-5a, .kt-inside-inner-col > .kadence-column581_e49657-5a:not(.specificity){margin-right:100px;}@media all and (max-width: 1024px){.kadence-column581_e49657-5a > .kt-inside-inner-col{flex-direction:column;}}@media all and (max-width: 767px){.kadence-column581_e49657-5a > .kt-inside-inner-col{padding-right:0px;flex-direction:column;}.kadence-column581_e49657-5a, .kt-inside-inner-col > .kadence-column581_e49657-5a:not(.specificity){margin-right:0px;}}<\/style>\n<div class=\"wp-block-kadence-column kadence-column581_e49657-5a inner-column-2\"><div class=\"kt-inside-inner-col\"><style>.wp-block-kadence-advancedheading.kt-adv-heading581_0bc71a-a8, .wp-block-kadence-advancedheading.kt-adv-heading581_0bc71a-a8[data-kb-block=\"kb-adv-heading581_0bc71a-a8\"]{font-style:normal;}.wp-block-kadence-advancedheading.kt-adv-heading581_0bc71a-a8 mark.kt-highlight, .wp-block-kadence-advancedheading.kt-adv-heading581_0bc71a-a8[data-kb-block=\"kb-adv-heading581_0bc71a-a8\"] mark.kt-highlight{font-style:normal;color:#f76a0c;padding-top:0px;padding-right:0px;padding-bottom:0px;padding-left:0px;}@media all and (max-width: 767px){.wp-block-kadence-advancedheading.kt-adv-heading581_0bc71a-a8, .wp-block-kadence-advancedheading.kt-adv-heading581_0bc71a-a8[data-kb-block=\"kb-adv-heading581_0bc71a-a8\"]{padding-right:0px;}}<\/style>\n<h2 class=\"kt-adv-heading581_0bc71a-a8 wp-block-kadence-advancedheading has-theme-palette-3-color has-text-color\" data-kb-block=\"kb-adv-heading581_0bc71a-a8\">Nuestra Historia<\/h2>\n\n\n\n<p>Ecological Solutions de Centroam\u00e9rica S.A. nace como una visi\u00f3n conjunta de un grupo de empresarios costarricenses y norteamericanos, con el objetivo de ser una aliada estrat\u00e9gica en la gesti\u00f3n de la eficiencia energ\u00e9tica e h\u00eddrica en la regi\u00f3n. La empresa busca contribuir al cuidado del medio ambiente desde una perspectiva pr\u00e1ctica y tangible, ofreciendo asesor\u00eda, servicios y suministros, siempre con un enfoque en la sostenibilidad financiera.<\/p>\n\n\n\n<p><strong>Origen:<\/strong><br>Nace en la provincia de Heredia, Costa Rica, propiamente en Barva, un pueblo de tradiciones que resuenan con nuestro esp\u00edritu de respeto al medio ambiente y su conservaci\u00f3n. Desde el a\u00f1o 2015 se inici\u00f3 el proyecto que nos puso en el mapa como un fuerte competidor de alumbrado p\u00fablico fue nuestro servicio a Coopelesca, inicialmente proveyendo 35.000 luminarias en la zona concesionada a Coopelesca.<\/p>\n\n\n\n<p><strong>Expansi\u00f3n:<\/strong><br>Tras el \u00e9xito en Coopelesca, expandimos nuestras operaciones para permitir la instalaci\u00f3n de alumbrado p\u00fablico en toda la zona de Los<br>Santos servida a Coopesantos.<\/p>\n\n\n\n<p>En el a\u00f1o 2020, en Heredia, nuestra colaboraci\u00f3n m\u00e1s grande hist\u00f3ricamente fue la cobertura total de alumbrado p\u00fablico junto a<br>ESPH.<\/p>\n\n\n\n<ol class=\"wp-block-list\"><\/ol>\n\n\n\n<p><strong>Presente y futuro:<\/strong><br>En la actualidad, gracias a nuestra experiencia en gesti\u00f3n de operaciones, importaci\u00f3n e instalaci\u00f3n de alumbrado p\u00fablico, nuestra empresa ha<br>decidido expandir sus alcances hacia otros productos innovadores en Costa Rica, tales como:<\/p>\n\n\n\n<ul class=\"wp-block-list\">\n<li>Sistemas de almacenamiento de energ\u00eda.<\/li>\n\n\n\n<li>Estaciones de carga para veh\u00edculos el\u00e9ctricos.<\/li>\n\n\n\n<li>Medidores Inteligentes.<\/li>\n<\/ul>\n\n\n\n<p><strong>Nuestra filosof\u00eda:<\/strong><br>Nuestra gesti\u00f3n desde sus inicios parte de la filosof\u00eda de Ecological, basada en tres pilares: Cliente Amigo, soluci\u00f3n profesional y \u00e1rea de impacto.<\/p>\n\n\n\n<ol class=\"wp-block-list\">\n<li>El \u201cCliente Amigo\u201d nos plantea el problema.<\/li>\n\n\n\n<li>Nuestro equipo profesional construye en consenso la mejora a implementar, cuantificando el impacto ambiental, social y comercial.<\/li>\n\n\n\n<li>El resultado de esa mejora es el \u201c\u00e1rea de impacto\u201d, que impacta de forma positiva a nuestro entorno y a la comunidad comercial.<br>Cuando nuestros clientes amigos proyectan ese cambio, se genera un efecto de mejora exponencial.<\/li>\n<\/ol>\n<\/div><\/div>\n\n<\/div><\/div>\n\n<style>.kb-row-layout-id581_12e00f-5a > .kt-row-column-wrap{align-content:start;}:where(.kb-row-layout-id581_12e00f-5a > .kt-row-column-wrap) > .wp-block-kadence-column{justify-content:start;}.kb-row-layout-id581_12e00f-5a > .kt-row-column-wrap{column-gap:80px;row-gap:var(--global-kb-gap-md, 2rem);max-width:var( --global-content-width, 1290px );padding-left:var(--global-content-edge-padding);padding-right:var(--global-content-edge-padding);padding-top:20px;padding-bottom:140px;grid-template-columns:minmax(0, 2fr) minmax(0, 1fr);}.kb-row-layout-id581_12e00f-5a > .kt-row-layout-overlay{opacity:0.30;}@media all and (max-width: 1024px){.kb-row-layout-id581_12e00f-5a > .kt-row-column-wrap{grid-template-columns:minmax(0, 2fr) minmax(0, 1fr);}}@media all and (max-width: 767px){.kb-row-layout-id581_12e00f-5a > .kt-row-column-wrap{grid-template-columns:minmax(0, 1fr);}.kb-row-layout-id581_12e00f-5a > .kt-row-column-wrap > .wp-block-kadence-column:nth-child(1){order:2;}.kb-row-layout-id581_12e00f-5a > .kt-row-column-wrap > .wp-block-kadence-column:nth-child(2){order:1;}.kb-row-layout-id581_12e00f-5a > .kt-row-column-wrap > .wp-block-kadence-column:nth-child(3){order:12;}.kb-row-layout-id581_12e00f-5a > .kt-row-column-wrap > .wp-block-kadence-column:nth-child(4){order:11;}.kb-row-layout-id581_12e00f-5a > .kt-row-column-wrap > .wp-block-kadence-column:nth-child(5){order:22;}.kb-row-layout-id581_12e00f-5a > .kt-row-column-wrap > .wp-block-kadence-column:nth-child(6){order:21;}.kb-row-layout-id581_12e00f-5a > .kt-row-column-wrap > .wp-block-kadence-column:nth-child(7){order:32;}.kb-row-layout-id581_12e00f-5a > .kt-row-column-wrap > .wp-block-kadence-column:nth-child(8){order:31;}}<\/style><div class=\"kb-row-layout-wrap kb-row-layout-id581_12e00f-5a alignnone wp-block-kadence-rowlayout\"><div class=\"kt-row-column-wrap kt-has-2-columns kt-row-layout-left-golden kt-tab-layout-inherit kt-mobile-layout-row kt-row-valign-top kt-inner-column-height-full kb-theme-content-width\">\n<style>.kadence-column581_f6a88b-89 > .kt-inside-inner-col,.kadence-column581_f6a88b-89 > .kt-inside-inner-col:before{border-top-left-radius:0px;border-top-right-radius:0px;border-bottom-right-radius:0px;border-bottom-left-radius:0px;}.kadence-column581_f6a88b-89 > .kt-inside-inner-col{column-gap:var(--global-kb-gap-sm, 1rem);}.kadence-column581_f6a88b-89 > .kt-inside-inner-col{flex-direction:column;}.kadence-column581_f6a88b-89 > .kt-inside-inner-col > .aligncenter{width:100%;}.kadence-column581_f6a88b-89 > .kt-inside-inner-col:before{opacity:0.3;}.kadence-column581_f6a88b-89{position:relative;}@media all and (max-width: 1024px){.kadence-column581_f6a88b-89 > .kt-inside-inner-col{flex-direction:column;}}@media all and (max-width: 767px){.kadence-column581_f6a88b-89 > .kt-inside-inner-col{flex-direction:column;}}<\/style>\n<div class=\"wp-block-kadence-column kadence-column581_f6a88b-89 inner-column-1\"><div class=\"kt-inside-inner-col\">\n<h2 class=\"wp-block-heading has--font-size\">Visi\u00f3n<\/h2>\n\n\n\n<p>Nuestra gesti\u00f3n desde sus inicios ha sido de construir soluciones desde la filosof\u00eda de Ecological en relaci\u00f3n con el Cliente Amigo para resultar en nuestra \u00c1rea de Impacto; En esta trifecta nuestro cliente amigo nos plantea el problema y nuestro equipo profesional construye en consenso la mejora a implementar cuantificando el \u00e1rea de impacto ambiental, social y comercial.<\/p>\n\n\n\n<p>Nuestra creencia es lograr una mejora continua a trav\u00e9s de procesos que impacten de forma positiva nuestro entorno y comunidad comercial, nuestro clientes amigos proyectar\u00e1n ese cambio y se genera efecto de mejora exponencial.<\/p>\n\n\n\n<p>Nuestra Visi\u00f3n se toma muy en serio el concepto de amistad con nuestros clientes y la poblaci\u00f3n, queremos convertirnos en el aliado de preferencia en soluciones sostenibles ambiental y econ\u00f3micamente, ser l\u00edderes en innovaci\u00f3n para el beneficio de la sociedad en su totalidad.<br><\/p>\n<\/div><\/div>\n\n\n<style>.kadence-column581_a0b7d4-f6 > .kt-inside-inner-col,.kadence-column581_a0b7d4-f6 > .kt-inside-inner-col:before{border-top-left-radius:10px;border-top-right-radius:10px;border-bottom-right-radius:10px;border-bottom-left-radius:10px;}.kadence-column581_a0b7d4-f6 > .kt-inside-inner-col{column-gap:var(--global-kb-gap-sm, 1rem);}.kadence-column581_a0b7d4-f6 > .kt-inside-inner-col{flex-direction:column;}.kadence-column581_a0b7d4-f6 > .kt-inside-inner-col > .aligncenter{width:100%;}.kadence-column581_a0b7d4-f6 > .kt-inside-inner-col{background-image:url('https:\/\/teknoweb.co\/ecological\/wp-content\/uploads\/2025\/05\/mision-electrica.jpg');background-size:cover;background-position:center center;background-attachment:scroll;background-repeat:no-repeat;}.kadence-column581_a0b7d4-f6 > .kt-inside-inner-col:before{opacity:0.3;}.kadence-column581_a0b7d4-f6{position:relative;}@media all and (max-width: 1024px){.kadence-column581_a0b7d4-f6 > .kt-inside-inner-col{flex-direction:column;}}@media all and (max-width: 767px){.kadence-column581_a0b7d4-f6 > .kt-inside-inner-col{padding-bottom:300px;flex-direction:column;}}<\/style>\n<div class=\"wp-block-kadence-column kadence-column581_a0b7d4-f6 inner-column-2\"><div class=\"kt-inside-inner-col\"><\/div><\/div>\n\n<\/div><\/div>","protected":false},"excerpt":{"rendered":"<p>Energ\u00eda, Nuestra Misi\u00f3n Brindamos soluciones el\u00e9ctricas eficientes e innovadoras. Nuestra Historia Ecological Solutions de Centroam\u00e9rica S.A. nace como una visi\u00f3n conjunta de un grupo de empresarios costarricenses y norteamericanos, con el objetivo de ser una aliada estrat\u00e9gica en la gesti\u00f3n de la eficiencia energ\u00e9tica e h\u00eddrica en la regi\u00f3n. La empresa busca contribuir al cuidado&#8230;<\/p>\n","protected":false},"author":1,"featured_media":362,"parent":0,"menu_order":0,"comment_status":"closed","ping_status":"closed","template":"","meta":{"_kadence_starter_templates_imported_post":true,"_kad_post_transparent":"","_kad_post_title":"","_kad_post_layout":"","_kad_post_sidebar_id":"","_kad_post_content_style":"","_kad_post_vertical_padding":"","_kad_post_feature":"","_kad_post_feature_position":"","_kad_post_header":false,"_kad_post_footer":false,"footnotes":""},"class_list":["post-581","page","type-page","status-publish","has-post-thumbnail","hentry"],"_links":{"self":[{"href":"https:\/\/teknoweb.co\/ecological\/wp-json\/wp\/v2\/pages\/581","targetHints":{"allow":["GET"]}}],"collection":[{"href":"https:\/\/teknoweb.co\/ecological\/wp-json\/wp\/v2\/pages"}],"about":[{"href":"https:\/\/teknoweb.co\/ecological\/wp-json\/wp\/v2\/types\/page"}],"author":[{"embeddable":true,"href":"https:\/\/teknoweb.co\/ecological\/wp-json\/wp\/v2\/users\/1"}],"replies":[{"embeddable":true,"href":"https:\/\/teknoweb.co\/ecological\/wp-json\/wp\/v2\/comments?post=581"}],"version-history":[{"count":7,"href":"https:\/\/teknoweb.co\/ecological\/wp-json\/wp\/v2\/pages\/581\/revisions"}],"predecessor-version":[{"id":764,"href":"https:\/\/teknoweb.co\/ecological\/wp-json\/wp\/v2\/pages\/581\/revisions\/764"}],"wp:featuredmedia":[{"embeddable":true,"href":"https:\/\/teknoweb.co\/ecological\/wp-json\/wp\/v2\/media\/362"}],"wp:attachment":[{"href":"https:\/\/teknoweb.co\/ecological\/wp-json\/wp\/v2\/media?parent=581"}],"curies":[{"name":"wp","href":"https:\/\/api.w.org\/{rel}","templated":true}]}}